{"id":13,"date":"2020-03-23T15:46:04","date_gmt":"2020-03-23T14:46:04","guid":{"rendered":"https:\/\/architekten-goldbach.de\/?page_id=13"},"modified":"2020-03-23T15:46:04","modified_gmt":"2020-03-23T14:46:04","slug":"referenzen","status":"publish","type":"page","link":"https:\/\/architekten-goldbach.de\/?page_id=13","title":{"rendered":"Referenzen"},"content":{"rendered":"\n<p>Hier finden sie eine repr\u00e4sentative Auswahl unserer Objekte der letzten Jahre.<\/p>\n\n\n\n<div class=\"wp-block-group\"><div class=\"wp-block-group__inner-container is-layout-flow wp-block-group-is-layout-flow\">\n<h1 class=\"wp-block-heading\">2011<\/h1>\n\n\n\n<p>Gemeinschaft Altenschlirf<br> <em>Herrichtung eines &#8222;L\u00e4dchen f\u00fcr Alles&#8220;<\/em> <\/p>\n\n\n\n<p>Mehrfamilienhaus Handwerk, Steinau a.d. Stra\u00dfe<br> <em>Sanierung Mehrfamilienhaus und Doppelgarage<\/em> <\/p>\n\n\n\n<p>Kleingartenzentrum, Frankfurt\/Main<br> <em>Sanierung der Lehrs\u00e4le<\/em> <\/p>\n\n\n\n<p>Wohnhaus M\u00fc\u00dfig, Niesig<br> <em>Neuerrichtung Garage mit Dachterrasse<\/em> <\/p>\n\n\n\n<p>Wohnhaus Dr. Sahlfeld, Fulda<br> <em>Abbruch eines vorh. Zwerchgiebels, Errichtung einer Schleppgaube<\/em> <\/p>\n\n\n\n<p>Jaroschenko GmbH &amp; Co.KG<br> <em>Betriebserweiterung Heizung- und Sanit\u00e4rfachbetrieb<\/em> <\/p>\n\n\n\n<p>Wohnhaus in Engelhelms<br> <em>Umbau Dachgeschoss<\/em> <br> <em>Errichtung eines Nebengiebels, Einbau von Dachliegefenstern<\/em> <\/p>\n<\/div><\/div>\n\n\n\n<div class=\"wp-block-group\"><div class=\"wp-block-group__inner-container is-layout-flow wp-block-group-is-layout-flow\">\n<h1 class=\"wp-block-heading\">2010<\/h1>\n\n\n\n<p>Umbau Toilettenanlagen Wilmingtonhalle<br> <em>Die Wilmingtonhalle befindet sich in st\u00e4dtischer Verwaltung und wird vom Bundesligisten TTC Rh\u00f6nSprudel Fulda-Maberzell f\u00fcr seine Heimspiele genutzt. Die Nassr\u00e4ume wurden modernisiert und auf den aktuellen Stand gebracht.<\/em> <\/p>\n\n\n\n<p>Mehrfamilienhaus Herbert, Petersberg<br> <em>Energetische Totalsanierung mit KfW-F\u00f6rderprogramm<\/em> <br> <em>Diverse Umbauten<\/em> <\/p>\n\n\n\n<p>Grenzmauer Friedhof Frauenberg, Fulda<br> <em>Die \u00f6stliche Grenzmauer des dompfarrlichen Teiles des Frauenbergfriedhofs befand sich in einem Zustand, der einer umgehenden vollst\u00e4ndigen Erneuerung bedurfte.<\/em> <br> <em>Die auszuf\u00fchrenden Arbeiten wurden von zahlreichen Parametern bestimmt, z.B. musste die neue Mauer ausreichend widerstandsf\u00e4hig gegen\u00fcber Witterungseinfl\u00fcssen und biologischen Einfl\u00fcssen sein.<\/em> <br> <em>Auch war eine dem Umfeld \u201eFriedhof&#8220; angemessene Anmutung der Mauer zu erzielen, die historisch-denkmalpflegerischen und \u00e4sthetischen Ans\u00e4tzen gen\u00fcgen muss.<\/em> <\/p>\n\n\n\n<p>Umbau und Modernisierung Bardoschule, Fulda &#8211; Neuenberg<br> <em>Die Stadt Fulda beabsichtigte, die im Jahr 1965 als Erweiterung der Bardoschule gebauten Geb\u00e4udetrakte B + C brandschutztechnisch auf den aktuellen Standard zu bringen und zu modernisieren. Die Bardoschule ist eine koedukativ gef\u00fchrte \u00f6ffentliche Grund-, Haupt- und Realschule, die von der Stadt Fulda getragen wird.<\/em> <br> <em>Umbauma\u00dfnahmen innerhalb bestehender Schulen sind immer mit besonderen Anforderungen an die Bauplanung und Bauausf\u00fchrung verbunden und stellen eine hohe Belastung f\u00fcr den laufenden Schulbetrieb dar. Ein Gro\u00dfteil der Arbeiten sollte daher in den Sommerferien 2010 ausgef\u00fchrt werden.<\/em> <\/p>\n\n\n\n<p>Schlosserei Leitsch, Wissels<br> <em>Die Bauherrschaft lies ihre B\u00fcror\u00e4ume energetisch zu sanieren und eine aufgrund der Grundst\u00fccksteilung notwendig gewordene brandschutztechnische Ert\u00fcchtigung des Werkgeb\u00e4udes vornehmen. Die Bauma\u00dfnahme erreichte den Standard nach DIN 4108 sowie EnEV 2009.<\/em> <\/p>\n<\/div><\/div>\n\n\n\n<div class=\"wp-block-group\"><div class=\"wp-block-group__inner-container is-layout-flow wp-block-group-is-layout-flow\">\n<h1 class=\"wp-block-heading\">2009<\/h1>\n\n\n\n<p>KGV Am M\u00fchlgarten e.V., Frankfurt\/Main<br> <em>Dachsanierung<\/em> <\/p>\n\n\n\n<p>Schmid GmbH &amp; Co.KG, Fulda<br> <em>Werksumstrukturierung 2008-2010<\/em> <\/p>\n<\/div><\/div>\n\n\n\n<div class=\"wp-block-group\"><div class=\"wp-block-group__inner-container is-layout-flow wp-block-group-is-layout-flow\">\n<h1 class=\"wp-block-heading\">2008<\/h1>\n\n\n\n<p>Arztpraxis Dr. Isert, Eiterfeld-Arzell<br> <em>Energetische Teilsanierung (WDV-System, Dachsanierung)<\/em> <\/p>\n\n\n\n<p>Wohnhaus K\u00f6rbel, Fulda-Aschenberg<br> <em>Energetische Teilsanierung (WDV-System, Dachsanierung)<\/em> <\/p>\n<\/div><\/div>\n\n\n\n<div class=\"wp-block-group\"><div class=\"wp-block-group__inner-container is-layout-flow wp-block-group-is-layout-flow\">\n<h1 class=\"wp-block-heading\">2007<\/h1>\n\n\n\n<p>Wohnhaus Leitsch, K\u00fcnzell &#8211; B\u00f6ckels<br> <em>Energetische Totalsanierung mit KfW-F\u00f6rderprogramm<\/em> <br> <em>(WDV-System, In-Dach-Photovoltaik, Wintergarten, Solarthermieanlage)<\/em> <\/p>\n\n\n\n<p>Arztpraxis Dr. Isert, Eiterfeld-Arzell<br> <em>Schadensermittlung und Sanierungsplanung<\/em> <br> <em>Unterfangung nicht-unterkellerter Praxisbereich<\/em> <\/p>\n\n\n\n<p>Kleingartenzentrum, Frankfurt\/Main<br> <em>Sanierung der Dachhaut<\/em> <\/p>\n<\/div><\/div>\n\n\n\n<div class=\"wp-block-group\"><div class=\"wp-block-group__inner-container is-layout-flow wp-block-group-is-layout-flow\">\n<h1 class=\"wp-block-heading\">2006<\/h1>\n\n\n\n<p>Wohnhaus Michel, Michelsrombach<br> <em>Energetische Teilsanierung (WDV-System, Fensteraustausch)<\/em> <\/p>\n\n\n\n<p>KGV Waidesgrund e.V., Fulda<br> <em>Erweiterung des Vereinshauses<\/em> <\/p>\n\n\n\n<p>KGV Johannisau e.V., Fulda<br> <em>Veranda\u00fcberdachung<\/em> <\/p>\n<\/div><\/div>\n\n\n\n<div class=\"wp-block-group\"><div class=\"wp-block-group__inner-container is-layout-flow wp-block-group-is-layout-flow\">\n<h1 class=\"wp-block-heading\">2005<\/h1>\n\n\n\n<p>Wohnhaus K\u00f6rbel, Fulda-Aschenberg<br> <em>Errichtung einer Balkonanlage<\/em><\/p>\n\n\n\n<p>Wohnhaus Finke, Fulda-Niesig<br> <em>Erneuerung der Au\u00dfenanlagen<\/em> <\/p>\n\n\n\n<p>KGV Johannisau e.V., Fulda<br> <em>Sanierung des Kinderspielplatzes<\/em> <br> <em>(F\u00f6rderprogramm &#8222;Zuwendung zur F\u00f6rderung des Kleingartenwesens&#8220; des Landes Hessen, damals zust\u00e4ndig LLH Hessen, Kassel)<\/em> <\/p>\n<\/div><\/div>\n\n\n\n<div class=\"wp-block-group\"><div class=\"wp-block-group__inner-container is-layout-flow wp-block-group-is-layout-flow\">\n<h1 class=\"wp-block-heading\">2004<\/h1>\n\n\n\n<p>Metzgerei Gies, Fulda<br> <em>Umbau eines Verkaufsladens<\/em> <\/p>\n\n\n\n<p>Schmid GmbH &amp; Co.KG<br> <em>Brandschutzsanierung<\/em> <\/p>\n<\/div><\/div>\n\n\n\n<div class=\"wp-block-group\"><div class=\"wp-block-group__inner-container is-layout-flow wp-block-group-is-layout-flow\">\n<h1 class=\"wp-block-heading\">2003<\/h1>\n\n\n\n<p>Schmid GmbH &amp; Co.KG<br> <em>Neubau Vorbau Halle III<\/em> <\/p>\n<\/div><\/div>\n","protected":false},"excerpt":{"rendered":"<p>Hier finden sie eine repr\u00e4sentative Auswahl unserer Objekte der letzten Jahre. 2011 Gemeinschaft Altenschlirf Herrichtung eines &#8222;L\u00e4dchen f\u00fcr Alles&#8220; Mehrfamilienhaus Handwerk, Steinau a.d. Stra\u00dfe Sanierung Mehrfamilienhaus und Doppelgarage Kleingartenzentrum, Frankfurt\/Main Sanierung der Lehrs\u00e4le Wohnhaus M\u00fc\u00dfig, Niesig Neuerrichtung Garage mit Dachterrasse Wohnhaus Dr. Sahlfeld, Fulda Abbruch eines vorh. Zwerchgiebels, Errichtung einer Schleppgaube Jaroschenko GmbH &amp; Co.KG &hellip; <\/p>\n<p class=\"link-more\"><a href=\"https:\/\/architekten-goldbach.de\/?page_id=13\" class=\"more-link\"><span class=\"screen-reader-text\">\u201eReferenzen\u201c <\/span>weiterlesen<\/a><\/p>\n","protected":false},"author":1,"featured_media":0,"parent":0,"menu_order":0,"comment_status":"closed","ping_status":"closed","template":"","meta":{"footnotes":""},"class_list":["post-13","page","type-page","status-publish","hentry"],"_links":{"self":[{"href":"https:\/\/architekten-goldbach.de\/index.php?rest_route=\/wp\/v2\/pages\/13"}],"collection":[{"href":"https:\/\/architekten-goldbach.de\/index.php?rest_route=\/wp\/v2\/pages"}],"about":[{"href":"https:\/\/architekten-goldbach.de\/index.php?rest_route=\/wp\/v2\/types\/page"}],"author":[{"embeddable":true,"href":"https:\/\/architekten-goldbach.de\/index.php?rest_route=\/wp\/v2\/users\/1"}],"replies":[{"embeddable":true,"href":"https:\/\/architekten-goldbach.de\/index.php?rest_route=%2Fwp%2Fv2%2Fcomments&post=13"}],"version-history":[{"count":0,"href":"https:\/\/architekten-goldbach.de\/index.php?rest_route=\/wp\/v2\/pages\/13\/revisions"}],"wp:attachment":[{"href":"https:\/\/architekten-goldbach.de\/index.php?rest_route=%2Fwp%2Fv2%2Fmedia&parent=13"}],"curies":[{"name":"wp","href":"https:\/\/api.w.org\/{rel}","templated":true}]}}