{"id":40,"date":"2020-03-23T16:44:03","date_gmt":"2020-03-23T15:44:03","guid":{"rendered":"https:\/\/architekten-goldbach.de\/?page_id=40"},"modified":"2024-11-03T21:19:41","modified_gmt":"2024-11-03T21:19:41","slug":"architekturbuero-goldbach","status":"publish","type":"page","link":"https:\/\/architekten-goldbach.de\/?page_id=40","title":{"rendered":"Architekturb\u00fcro Goldbach in Fulda"},"content":{"rendered":"\n<div class=\"wp-block-image\"><figure class=\"aligncenter size-large is-resized\"><img loading=\"lazy\" decoding=\"async\" src=\"https:\/\/architekten-goldbach.de\/wp-content\/uploads\/2020\/03\/architekturbuero-goldbach-e1585505395319-1.png\" alt=\"Architekturb\u00fcro Goldbach Fulda, Architekt Fulda\" class=\"wp-image-131\" width=\"282\" height=\"99\" srcset=\"https:\/\/architekten-goldbach.de\/wp-content\/uploads\/2020\/03\/architekturbuero-goldbach-e1585505395319-1.png 845w, https:\/\/architekten-goldbach.de\/wp-content\/uploads\/2020\/03\/architekturbuero-goldbach-e1585505395319-1-300x105.png 300w, https:\/\/architekten-goldbach.de\/wp-content\/uploads\/2020\/03\/architekturbuero-goldbach-e1585505395319-1-768x270.png 768w\" sizes=\"(max-width: 282px) 100vw, 282px\" \/><\/figure><\/div>\n\n\n\n<p>Hier finden Sie weitere Informationen zu unserer Arbeit als Architekturb\u00fcro in Fulda.<br \/>W\u00e4hlen Sie eine der folgenden Unterseiten:<\/p>\n\n\n\n<ul class=\"wp-block-list\"><li><a href=\"https:\/\/architekten-goldbach.de\/?page_id=13\">Referenzen<\/a><\/li><li><a href=\"https:\/\/architekten-goldbach.de\/?page_id=24\">Projekte<\/a><\/li><li><a href=\"https:\/\/architekten-goldbach.de\/?page_id=27\">Schadensgutachten<\/a><\/li><\/ul>\n\n\n\n<p>Unter <em>Referenzen <\/em>finden Sie eine Auswahl unserer bisherigen T\u00e4tigkeiten. So erhalten Sie einen guten \u00dcberblick \u00fcber unser Dienstleistungsportfolio.<\/p>\n\n\n\n<p>Unter <em>Projekte <\/em>m\u00f6chten wir Ihnen aktuelle T\u00e4tigkeitsbereiche n\u00e4her bringen.<\/p>\n\n\n\n<p>Die Seite <em>Schadensgutachten <\/em>beschreibt bei welchen Schadensf\u00e4llen wir Ihnen behilflich sein k\u00f6nnen.<\/p>\n\n","protected":false},"excerpt":{"rendered":"<p>Hier finden Sie weitere Informationen zu unserer Arbeit als Architekturb\u00fcro in Fulda.W\u00e4hlen Sie eine der folgenden Unterseiten: Referenzen Projekte Schadensgutachten Unter Referenzen finden Sie eine Auswahl unserer bisherigen T\u00e4tigkeiten. So erhalten Sie einen guten \u00dcberblick \u00fcber unser Dienstleistungsportfolio. Unter Projekte m\u00f6chten wir Ihnen aktuelle T\u00e4tigkeitsbereiche n\u00e4her bringen. Die Seite Schadensgutachten beschreibt bei welchen Schadensf\u00e4llen wir &hellip; <\/p>\n<p class=\"link-more\"><a href=\"https:\/\/architekten-goldbach.de\/?page_id=40\" class=\"more-link\"><span class=\"screen-reader-text\">\u201eArchitekturb\u00fcro Goldbach in Fulda\u201c <\/span>weiterlesen<\/a><\/p>\n","protected":false},"author":1,"featured_media":0,"parent":0,"menu_order":0,"comment_status":"closed","ping_status":"closed","template":"","meta":{"footnotes":""},"class_list":["post-40","page","type-page","status-publish","hentry"],"_links":{"self":[{"href":"https:\/\/architekten-goldbach.de\/index.php?rest_route=\/wp\/v2\/pages\/40"}],"collection":[{"href":"https:\/\/architekten-goldbach.de\/index.php?rest_route=\/wp\/v2\/pages"}],"about":[{"href":"https:\/\/architekten-goldbach.de\/index.php?rest_route=\/wp\/v2\/types\/page"}],"author":[{"embeddable":true,"href":"https:\/\/architekten-goldbach.de\/index.php?rest_route=\/wp\/v2\/users\/1"}],"replies":[{"embeddable":true,"href":"https:\/\/architekten-goldbach.de\/index.php?rest_route=%2Fwp%2Fv2%2Fcomments&post=40"}],"version-history":[{"count":1,"href":"https:\/\/architekten-goldbach.de\/index.php?rest_route=\/wp\/v2\/pages\/40\/revisions"}],"predecessor-version":[{"id":177,"href":"https:\/\/architekten-goldbach.de\/index.php?rest_route=\/wp\/v2\/pages\/40\/revisions\/177"}],"wp:attachment":[{"href":"https:\/\/architekten-goldbach.de\/index.php?rest_route=%2Fwp%2Fv2%2Fmedia&parent=40"}],"curies":[{"name":"wp","href":"https:\/\/api.w.org\/{rel}","templated":true}]}}