{"id":44,"date":"2020-03-23T17:13:28","date_gmt":"2020-03-23T16:13:28","guid":{"rendered":"https:\/\/architekten-goldbach.de\/?page_id=44"},"modified":"2024-11-03T21:24:47","modified_gmt":"2024-11-03T21:24:47","slug":"impressum","status":"publish","type":"page","link":"https:\/\/architekten-goldbach.de\/?page_id=44","title":{"rendered":"Impressum"},"content":{"rendered":"\n<p><strong>Webseitenbetreiber:<\/strong><\/p>\n\n\n\n<p>Dipl.Ing.(FH) Arch. Thomas-Walter Goldbach<br>Niesiger Stra\u00dfe 210<br>36039 Fulda<\/p>\n\n\n\n<p class=\"has-text-align-left\"><strong>Verantwortlich f\u00fcr redaktionelle Inhalte:<\/strong><br>Dipl.Ing.(FH) Arch. Thomas-Walter Goldbach<br>Niesiger Stra\u00dfe 210<br>36039 Fulda<br><br><strong>Berufsbezeichnung:<\/strong><br>Dipl.Ing.(FH) Arch. Thomas-Walter Goldbach<br>Architekt gem\u00e4\u00df dem Hessischen Architekten- und Stadtplanergesetz (HASG)<br><br><strong>Zust\u00e4ndige Beh\u00f6rde \/ Aufsichtsbeh\u00f6rde:<\/strong><br>Architekten- und Stadtplanerkammer Hessen<br>Bierstadter Stra\u00dfe 2<br>65189 Wiesbaden<br>Telefon: 0611 &#8211; 1738-0<br>Telefax: 0611 &#8211; 1738-40<br>E-Mail:&nbsp;<a href=\"mailto:info@akh.de\">info@akh.de<\/a><br>Internet:&nbsp;<a rel=\"noreferrer noopener\" href=\"http:\/\/www.akh.de\/\" target=\"_blank\">www.akh.de<\/a><br>Mitgliedsnummer: 14 419<br><br><strong>Umsatzsteueridentifikationsnummer (\u00a7 27a UStG):<\/strong><br>keine<br><br><strong>Berufshaftpflichtversicherung:<\/strong><br>R+V Ansprechpartner: Wolfgang Ott, Freies Versicherungsb\u00fcro GmbH<br>Stuttgarter Stra\u00dfe 36 <br>70469 Stuttgart \/ Feuerbach <br>0711 8966570<\/p>\n\n\n\n<p><br><strong>Berufsrechtliche Regelungen:<\/strong><br>Hessisches Architekten- und Stadtplanergesetz, Hauptsatzung der Architekten- und Stadtplanerkammer Hessen, Richtline zur Berufsordnung (Berufshaftpflicht), Fortbildungsordnung, Schlichtungsordnung<br><br>Die berufsrechtlichen Regelungen k\u00f6nnen \u00fcber die Homepage der Architekten- und Stadtplanerkammer unter der Rubrik &#8222;<a rel=\"noreferrer noopener\" aria-label=\" (\u00f6ffnet in neuem Tab)\" href=\"https:\/\/www.akh.de\/service\/recht\/gesetzliche-grundlagen-und-andere-regelungen\/\" target=\"_blank\">Recht<\/a>&#8220; eingesehen und abgerufen werden.<br><br><strong>Au\u00dfergerichtliche Streitschlichtung:<\/strong><br>Zur g\u00fctlichen Beilegung von Streitigkeiten, die sich aus der Berufsaus\u00fcbung von Berufsangeh\u00f6rigen und Berufsgesellschaften zwischen diesen und Dritten ergeben, kann gem\u00e4\u00df \u00a7 7 der Schlichtungsordnung der Architekten- und Stadtplanerkammer Hessen auf Antrag ein Schlichtungsverfahren durchgef\u00fchrt werden (<a rel=\"noreferrer noopener\" aria-label=\" (\u00f6ffnet in neuem Tab)\" href=\"https:\/\/www.akh.de\/service\/schlichtung\/\" target=\"_blank\">Schlichtung<\/a>).<br><br><strong>Angaben zu allgemeinen Gesch\u00e4ftsbedingungen (AGBs):<\/strong><br>AGBs liegen nicht vor<br><br><strong>Angaben zum anwendbaren Recht und Gerichtsstand:<\/strong><br>Gerichtsstand ist Fulda, nach deutschem Recht<br><br><strong>Angaben zu angebotenen Garantien:<\/strong><br>Keine<br><br><strong>Erforderliche Preisangaben:<\/strong><br>Sofern nichts anderes vereinbart ist, gilt die Honorarordnung f\u00fcr Architekten und Ingenieure in der zum Zeitpunkt der Leistung g\u00fcltigen Fassung.<br><br><strong>Grafik \/ Design \/ Konzeption \/ Programmierung:<\/strong><br>Patrick Goldbach<br>E-Mail: patpg [ a t ] web [ d o t ] de<br><br><strong>Bildnachweis und Fotos:<\/strong><br>Dipl.Ing.(FH) Arch. Thomas-Walter Goldbach<br>pexels.com<br>pixabay.com<\/p>\n\n\n\n<p><br><strong>Rechtliche Hinweise:<\/strong><br><br><strong>Inhaltlich Verantwortlicher i. S. d. MDStV (\u00a710 Absatz 3)<\/strong><br>Dipl.Ing.(FH) Arch. Thomas-Walter Goldbach<br><br><strong>Inhalt des Onlineangebotes<\/strong><br>Das Architekturb\u00fcro Goldbach \u00fcbernimmt keinerlei Gew\u00e4hr f\u00fcr die Aktualit\u00e4t, Korrektheit, Vollst\u00e4ndigkeit oder Qualit\u00e4t der bereitgestellten Informationen. Haftungsanspr\u00fcche, welche sich auf Sch\u00e4den materieller oder ideeller Art beziehen, die durch die Nutzung oder Nichtnutzung der dargebotenen Informationen bzw. durch die Nutzung fehlerhafter und unvollst\u00e4ndiger Informationen verursacht werden, sind grunds\u00e4tzlich ausgeschlossen, sofern seitens des Architekturb\u00fcro Goldbach kein nachweislich vors\u00e4tzliches oder grob fahrl\u00e4ssiges Verschulden vorliegt. Alle Angebote sind freibleibend und unverbindlich. Das Architekturb\u00fcro Goldbach beh\u00e4lt es sich ausdr\u00fccklich vor, Teile der Seiten oder das gesamte Angebot ohne gesonderte Ank\u00fcndigung zu ver\u00e4ndern, zu erg\u00e4nzen, zu l\u00f6schen oder die Ver\u00f6ffentlichung zeitweise oder endg\u00fcltig einzustellen. Die Inhalte der Internetseiten dienen lediglich der Information und stellen keine Beratung, Empfehlung oder Aufforderung dar.<br>Das Architekturb\u00fcro Goldbach pr\u00fcft und aktualisiert die Informationen auf seinen Webseiten st\u00e4ndig. Trotz aller Sorgfalt k\u00f6nnen Informationen unzutreffend, unvollst\u00e4ndig oder durch Zeitablauf \u00fcberholt sein. Eine Einstandspflicht f\u00fcr die Informationen kann daher nicht \u00fcbernommen werden.<br><br><strong>Verweise und Links<\/strong><br>Das Architekturb\u00fcro Goldbach ist f\u00fcr den Inhalt der Internetseiten, die per Hyperlinks erreicht werden, nicht verantwortlich und macht sich solche Inhalte nicht zu Eigen. Bei direkten oder indirekten Verweisen auf fremde Internetseiten, die au\u00dferhalb des Verantwortungsbereiches des Architekturb\u00fcro Goldbach liegen, w\u00fcrde eine Haftungsverpflichtung ausschlie\u00dflich in dem Fall in Kraft treten, in dem das Architekturb\u00fcro Goldbach von den Inhalten Kenntnis hat und es ihm technisch m\u00f6glich und zumutbar w\u00e4re, die Nutzung im Falle rechtswidriger Inhalte zu verhindern. Das Architekturb\u00fcro Goldbach erkl\u00e4rt daher ausdr\u00fccklich, dass zum Zeitpunkt der Linksetzung die entsprechenden verlinkten Seiten frei von illegalen Inhalten waren. Das Architekturb\u00fcro Goldbach hat keinerlei Einfluss auf die aktuelle und zuk\u00fcnftige Gestaltung und auf die Inhalte der gelinkten \/ verkn\u00fcpften Seiten. Deshalb distanziert sich das Architekturb\u00fcro Goldbach hiermit ausdr\u00fccklich von allen Inhalten aller gelinkten \/ verkn\u00fcpften Seiten, die nach der Linksetzung ver\u00e4ndert wurden. Diese Feststellung gilt f\u00fcr alle innerhalb des eigenen Internetangebotes gesetzten Links und Verweise. F\u00fcr illegale, fehlerhafte oder unvollst\u00e4ndige Inhalte und insbesondere f\u00fcr Sch\u00e4den, die aus der Nutzung oder Nichtnutzung solcherart dargebotener Informationen entstehen, haftet allein der Anbieter der Seite, auf welche verwiesen wurde, nicht derjenige, der \u00fcber Links auf die jeweilige Ver\u00f6ffentlichung lediglich verweist. Zudem beh\u00e4lt sich das Architekturb\u00fcro Goldbach das Recht vor, \u00c4nderungen oder Erg\u00e4nzungen der bereitgestellten Informationen vorzunehmen. Die Informationen auf seinen Seiten dienen einer ersten, vorl\u00e4ufigen Unterrichtung. Sie ersetzen keine verbindliche Beratung oder Informationsbeschaffung. Inhalt und Aufbau der Internetseiten des Architekturb\u00fcro Goldbach sind urheberrechtlich gesch\u00fctzt. Die Vervielf\u00e4ltigung von Informationen oder Daten, insbesondere die Verwendung von Texten oder Teilen daraus sowie des Bildmaterials bedarf der vorherigen schriftlichen Zustimmung des Architekturb\u00fcro Goldbach.<br><br><strong>Urheber- und Kennzeichenrecht<\/strong><br>Das Architekturb\u00fcro Goldbach ist bestrebt, in allen Publikationen die Urheberrechte der verwendeten Grafiken, Tondokumente, Videosequenzen und Texte zu beachten, von ihm selbst erstellte Grafiken, Tondokumente, Videosequenzen und Texte zu nutzen oder auf lizenzfreie Grafiken, Tondokumente, Videosequenzen und Texte zur\u00fcckzugreifen. Alle innerhalb des Internetangebotes genannten und ggf. durch Dritte gesch\u00fctzten Marken- und Warenzeichen unterliegen uneingeschr\u00e4nkt den Bestimmungen des jeweils g\u00fcltigen Kennzeichenrechts und den Besitzrechten der jeweiligen eingetragenen Eigent\u00fcmer. Allein aufgrund der blo\u00dfen Nennung ist nicht der Schluss zu ziehen, dass Markenzeichen nicht durch Rechte Dritter gesch\u00fctzt sind! Das Copyright f\u00fcr ver\u00f6ffentlichte, vom Architekturb\u00fcro Goldbach selbst erstellte Objekte bleibt allein beim Architekturb\u00fcro Goldbach. Eine Vervielf\u00e4ltigung oder Verwendung solcher Grafiken, Tondokumente, Videosequenzen und Texte in anderen elektronischen oder gedruckten Publikationen ist ohne ausdr\u00fcckliche Zustimmung durch das Architekturb\u00fcro Goldbach nicht gestattet.<br><br><strong>Marken und Logos<\/strong><br>Die im Internet verwendeten Marken und Logos sind gesch\u00fctzt. Es ist nicht gestattet, diese Marken und Logos ohne vorherige Zustimmung der jeweiligen Markenrechtinhaber zu nutzen.<br><br><strong>Auszug aus dem Gesetz \u00fcber die Nutzung von Telediensten:<\/strong><br>(Teledienstegesetz &#8211; TDG \u00a7 5 \/ \u00a7 6)<br>Diensteanbieter sind f\u00fcr eigene Inhalte, die sie zur Nutzung bereithalten, nach den allgemeinen Gesetzen verantwortlich. Diensteanbieter sind f\u00fcr fremde Inhalte, die sie zur Nutzung bereithalten, nur dann verantwortlich, wenn sie von diesen Inhalten Kenntnis haben und es ihnen technisch m\u00f6glich und zumutbar ist, deren Nutzung zu verhindern. Diensteanbieter sind f\u00fcr fremde Inhalte, zu denen sie lediglich den Zugang zur Nutzung vermitteln, nicht verantwortlich. Eine automatische und kurzzeitige Vorhaltung fremder Inhalte auf Grund Nutzerabfrage gilt als Zugangsvermittlung. Verpflichtungen zur Sperrung der Nutzung rechtswidriger Inhalte nach den allgemeinen Gesetzen bleiben unber\u00fchrt, wenn der Diensteanbieter unter Wahrung des Fernmeldegeheimnisses gem\u00e4\u00df \u00a7 85 des Telekommunikationsgesetzes von diesen Inhalten Kenntnis erlangt und eine Sperrung technisch m\u00f6glich und zumutbar ist.<br><br><strong>Datenschutzhinweise<\/strong><br>Bei der Nutzung unseres Informationsangebots werden keine personenbezogenen Daten erhoben oder verarbeitet. Alle Dienste k\u00f6nnen anonym genutzt werden.<br><br><strong>Datenschutzbeauftragter:<\/strong><br><\/p>\n\n\n\n<p>Haben Sie Anregungen oder Fragen zum Internetangebot?<br>E-Mail:\u00a0architekturbuero_goldbach [ a t ] arcor.de<\/p>\n\n\n\n<p><\/p>\n","protected":false},"excerpt":{"rendered":"<p>Webseitenbetreiber: Dipl.Ing.(FH) Arch. Thomas-Walter GoldbachNiesiger Stra\u00dfe 21036039 Fulda Verantwortlich f\u00fcr redaktionelle Inhalte:Dipl.Ing.(FH) Arch. Thomas-Walter GoldbachNiesiger Stra\u00dfe 21036039 Fulda Berufsbezeichnung:Dipl.Ing.(FH) Arch. Thomas-Walter GoldbachArchitekt gem\u00e4\u00df dem Hessischen Architekten- und Stadtplanergesetz (HASG) Zust\u00e4ndige Beh\u00f6rde \/ Aufsichtsbeh\u00f6rde:Architekten- und Stadtplanerkammer HessenBierstadter Stra\u00dfe 265189 WiesbadenTelefon: 0611 &#8211; 1738-0Telefax: 0611 &#8211; 1738-40E-Mail:&nbsp;info@akh.deInternet:&nbsp;www.akh.deMitgliedsnummer: 14 419 Umsatzsteueridentifikationsnummer (\u00a7 27a UStG):keine Berufshaftpflichtversicherung:R+V Ansprechpartner: Wolfgang Ott, &hellip; <\/p>\n<p class=\"link-more\"><a href=\"https:\/\/architekten-goldbach.de\/?page_id=44\" class=\"more-link\"><span class=\"screen-reader-text\">\u201eImpressum\u201c <\/span>weiterlesen<\/a><\/p>\n","protected":false},"author":1,"featured_media":0,"parent":0,"menu_order":0,"comment_status":"closed","ping_status":"closed","template":"","meta":{"footnotes":""},"class_list":["post-44","page","type-page","status-publish","hentry"],"_links":{"self":[{"href":"https:\/\/architekten-goldbach.de\/index.php?rest_route=\/wp\/v2\/pages\/44"}],"collection":[{"href":"https:\/\/architekten-goldbach.de\/index.php?rest_route=\/wp\/v2\/pages"}],"about":[{"href":"https:\/\/architekten-goldbach.de\/index.php?rest_route=\/wp\/v2\/types\/page"}],"author":[{"embeddable":true,"href":"https:\/\/architekten-goldbach.de\/index.php?rest_route=\/wp\/v2\/users\/1"}],"replies":[{"embeddable":true,"href":"https:\/\/architekten-goldbach.de\/index.php?rest_route=%2Fwp%2Fv2%2Fcomments&post=44"}],"version-history":[{"count":2,"href":"https:\/\/architekten-goldbach.de\/index.php?rest_route=\/wp\/v2\/pages\/44\/revisions"}],"predecessor-version":[{"id":181,"href":"https:\/\/architekten-goldbach.de\/index.php?rest_route=\/wp\/v2\/pages\/44\/revisions\/181"}],"wp:attachment":[{"href":"https:\/\/architekten-goldbach.de\/index.php?rest_route=%2Fwp%2Fv2%2Fmedia&parent=44"}],"curies":[{"name":"wp","href":"https:\/\/api.w.org\/{rel}","templated":true}]}}