{"id":97,"date":"2020-03-25T15:31:09","date_gmt":"2020-03-25T14:31:09","guid":{"rendered":"https:\/\/architekten-goldbach.de\/?page_id=97"},"modified":"2020-03-25T15:31:09","modified_gmt":"2020-03-25T14:31:09","slug":"unsere-philosophie","status":"publish","type":"page","link":"https:\/\/architekten-goldbach.de\/?page_id=97","title":{"rendered":"Unsere Philosophie"},"content":{"rendered":"\n<h2 class=\"wp-block-heading\">Ihr universeller Ansprechpartner<\/h2>\n\n\n\n<div class=\"wp-block-image\"><figure class=\"aligncenter size-large is-resized\"><img loading=\"lazy\" decoding=\"async\" src=\"https:\/\/architekten-goldbach.de\/wp-content\/uploads\/2020\/03\/usp-1-1024x815.jpg\" alt=\"IVG Goldbach: Immobilienverwaltung, Hausverwaltung und Architekturb\u00fcro aus einer Hand\" class=\"wp-image-99\" width=\"463\" height=\"368\" srcset=\"https:\/\/architekten-goldbach.de\/wp-content\/uploads\/2020\/03\/usp-1-1024x815.jpg 1024w, https:\/\/architekten-goldbach.de\/wp-content\/uploads\/2020\/03\/usp-1-300x239.jpg 300w, https:\/\/architekten-goldbach.de\/wp-content\/uploads\/2020\/03\/usp-1-768x611.jpg 768w, https:\/\/architekten-goldbach.de\/wp-content\/uploads\/2020\/03\/usp-1.jpg 1288w\" sizes=\"(max-width: 463px) 100vw, 463px\" \/><figcaption>Unser Alleinstellungsmerkmal: Architekturb\u00fcro und Immobilienverwaltung aus einer Hand<\/figcaption><\/figure><\/div>\n\n\n\n<p>Wir denken Innovation weiter. Unsere Kunden profitieren von unserer All-in-One L\u00f6sung als Immobilienverwaltung mit angeschlossenem Architekturb\u00fcro. So werden wir zu Ihrem universellen Ansprechpartner f\u00fcr Ihre Immobilie. Egal welche Frage Sie zu Ihrer Immobilie haben, welches Projekt Sie planen: mit unserem umfassenden Dienstleistungsportfolio halten wir die richtigen Antworten bereits parat.<\/p>\n\n\n\n<p>Dabei k\u00f6nnen Sie auf unsere jahrzehntelange Erfahrung in beiden Bereichen vertrauen. Wir sind stolz darauf auf eine lange Liste vollends zufriedener Kunden zur\u00fcckblicken zu d\u00fcrfen. Die Zufriedenheit unserer Kunden ist unser h\u00f6chstes Gut, weshalb wir s\u00e4mtliche Prozesse konsequent an Ihre Bed\u00fcrfnisse anpassen. <\/p>\n\n\n\n<p>Anpassung bedeutet auch Flexibilit\u00e4t. Deshalb ist eine st\u00e4ndige Fortbildung unabdingbar. Dies gilt nicht nur f\u00fcr Gesetze und Verordnungen, sondern auch f\u00fcr Prinzipien der Nachhaltigkeit und der Ethik. Nur so gelingt uns der Umgang mit unseren Kunden und Partnern. Angefangen vom Immobilieneigent\u00fcmer \u00fcber den Handwerker bis hin zum Mieter. Aktuelles Fachwissen, das Verstehen von Bed\u00fcrfnissen und das vertraute Verh\u00e4ltnis sind die Schl\u00fcsselelemente f\u00fcr unseren gemeinsamen Erfolg.<\/p>\n\n\n\n<p>Neugierig geworden? <a href=\"https:\/\/architekten-goldbach.de\/?page_id=55\">Kontaktieren Sie uns gerne<\/a>!<\/p>\n\n\n\n<h2 class=\"wp-block-heading\">Wof\u00fcr wir stehen<\/h2>\n\n\n\n<ul class=\"wp-block-list\"><li>Klare Worte<\/li><li>Offene Kommunikation<\/li><li>Strukturierte Arbeitsweise<\/li><li>Permanente Prozessoptimierung<\/li><li>Vertrauensvolle Partnerschaft<\/li><li>Nachhaltige und ethische Handelsweise<\/li><li>St\u00e4ndige Schulung der gesetzlichen Rahmenbedingungen<\/li><\/ul>\n\n\n\n<p>Wir sind immer bestrebt eine langfristige Partnerschaft mit unseren Kunden zu etablieren, die von gegenseitigem Vertrauen und Offenheit gepr\u00e4gt ist. Vertrauen Sie uns gerne Ihre Immobilie an &#8211; Sie befindet sich bei uns in guten H\u00e4nden.<\/p>\n\n\n\n<p>Genauere Informationen zu unseren T\u00e4tigkeiten als Architekturb\u00fcro und Immobilienverwaltung finden Sie in den jeweiligen Kategorien:<\/p>\n\n\n\n<ul class=\"wp-block-list\"><li><a href=\"https:\/\/architekten-goldbach.de\/?page_id=40\">Zu den T\u00e4tigkeiten unseres Architekturb\u00fcros<\/a><\/li><li><a href=\"https:\/\/architekten-goldbach.de\/?page_id=30\">Zu den T\u00e4tigkeiten unserer Hausverwaltung<\/a><\/li><\/ul>\n\n","protected":false},"excerpt":{"rendered":"<p>Ihr universeller Ansprechpartner Wir denken Innovation weiter. Unsere Kunden profitieren von unserer All-in-One L\u00f6sung als Immobilienverwaltung mit angeschlossenem Architekturb\u00fcro. So werden wir zu Ihrem universellen Ansprechpartner f\u00fcr Ihre Immobilie. Egal welche Frage Sie zu Ihrer Immobilie haben, welches Projekt Sie planen: mit unserem umfassenden Dienstleistungsportfolio halten wir die richtigen Antworten bereits parat. Dabei k\u00f6nnen Sie &hellip; <\/p>\n<p class=\"link-more\"><a href=\"https:\/\/architekten-goldbach.de\/?page_id=97\" class=\"more-link\"><span class=\"screen-reader-text\">\u201eUnsere Philosophie\u201c <\/span>weiterlesen<\/a><\/p>\n","protected":false},"author":1,"featured_media":0,"parent":0,"menu_order":0,"comment_status":"closed","ping_status":"closed","template":"","meta":{"footnotes":""},"class_list":["post-97","page","type-page","status-publish","hentry"],"_links":{"self":[{"href":"https:\/\/architekten-goldbach.de\/index.php?rest_route=\/wp\/v2\/pages\/97"}],"collection":[{"href":"https:\/\/architekten-goldbach.de\/index.php?rest_route=\/wp\/v2\/pages"}],"about":[{"href":"https:\/\/architekten-goldbach.de\/index.php?rest_route=\/wp\/v2\/types\/page"}],"author":[{"embeddable":true,"href":"https:\/\/architekten-goldbach.de\/index.php?rest_route=\/wp\/v2\/users\/1"}],"replies":[{"embeddable":true,"href":"https:\/\/architekten-goldbach.de\/index.php?rest_route=%2Fwp%2Fv2%2Fcomments&post=97"}],"version-history":[{"count":0,"href":"https:\/\/architekten-goldbach.de\/index.php?rest_route=\/wp\/v2\/pages\/97\/revisions"}],"wp:attachment":[{"href":"https:\/\/architekten-goldbach.de\/index.php?rest_route=%2Fwp%2Fv2%2Fmedia&parent=97"}],"curies":[{"name":"wp","href":"https:\/\/api.w.org\/{rel}","templated":true}]}}